{"id":2179,"date":"2024-05-17T14:37:16","date_gmt":"2024-05-17T17:37:16","guid":{"rendered":"https:\/\/aconnection.com.br\/classificados\/?page_id=2179"},"modified":"2025-10-22T10:08:16","modified_gmt":"2025-10-22T13:08:16","slug":"promocoes-e-ofertas","status":"publish","type":"page","link":"https:\/\/aconnection.com.br\/classificados\/promocoes-e-ofertas\/","title":{"rendered":"Promo\u00e7\u00f5es e Ofertas"},"content":{"rendered":"\t\t<div data-elementor-type=\"wp-page\" data-elementor-id=\"2179\" class=\"elementor elementor-2179\" data-elementor-post-type=\"page\">\n\t\t\t\t\t\t<section data-particle_enable=\"false\" data-particle-mobile-disabled=\"false\" class=\"elementor-section elementor-top-section elementor-element elementor-element-e2f2f4e elementor-section-boxed elementor-section-height-default elementor-section-height-default\" data-id=\"e2f2f4e\" data-element_type=\"section\" data-e-type=\"section\">\n\t\t\t\t\t\t<div class=\"elementor-container elementor-column-gap-default\">\n\t\t\t\t\t<div class=\"elementor-column elementor-col-100 elementor-top-column elementor-element elementor-element-1b88d39\" data-id=\"1b88d39\" data-element_type=\"column\" data-e-type=\"column\">\n\t\t\t<div class=\"elementor-widget-wrap elementor-element-populated\">\n\t\t\t\t\t\t<div class=\"elementor-element elementor-element-4c461ac elementor-widget elementor-widget-gva-heading-block\" data-id=\"4c461ac\" data-element_type=\"widget\" data-e-type=\"widget\" data-widget_type=\"gva-heading-block.default\">\n\t\t\t\t<div class=\"elementor-widget-container\">\n\t\t\t\t\t<div class=\"gva-element-gva-heading-block gva-element\">   <div class=\"align-center style-1 widget gsc-heading box-align-left auto-responsive\">\r\n      <div class=\"content-inner\">\r\n         \r\n         \r\n         \r\n                     <div class=\"sub-title\">\r\n               <span class=\"tagline\">Promo\u00e7\u00f5es e Ofertas<\/span> \r\n            <\/div>\r\n           \r\n         \r\n                     <h2 class=\"title\">\r\n               <span>Veja as novidades dos nossos clientes<\/span>\r\n            <\/h2>\r\n                  \r\n         \r\n      <\/div>\r\n   <\/div>\r\n<\/div>\t\t\t\t<\/div>\n\t\t\t\t<\/div>\n\t\t\t\t<div class=\"elementor-element elementor-element-c70e592 elementor-widget elementor-widget-gva-portfolio\" data-id=\"c70e592\" data-element_type=\"widget\" data-e-type=\"widget\" data-widget_type=\"gva-portfolio.default\">\n\t\t\t\t<div class=\"elementor-widget-container\">\n\t\t\t\t\t<div class=\"gva-element-gva-portfolio gva-element\">\r\n  <div class=\"gva-portfolio-grid clearfix grid-7h9z\" data-filter=\"7h9z\">\r\n        <div class=\"gva-content-items\"> \r\n      <div class=\"isotope-items view-portfolio lg-block-grid-3 md-block-grid-3 sm-block-grid-2 xs-block-grid-2 xx-block-grid-1\">\r\n        \r\n<div class=\"all anunciante  item-columns isotope-item\">\r\n   <div class=\"portfolio-block portfolio-v2\">      \r\n      <div class=\"images\">\r\n         <a class=\"link-image-content\" href=\"https:\/\/aconnection.com.br\/classificados\/portfolio\/sti-company\/\">\r\n            <img fetchpriority=\"high\" decoding=\"async\" width=\"580\" height=\"588\" src=\"https:\/\/aconnection.com.br\/classificados\/wp-content\/uploads\/2024\/05\/Logomarca-STI-Company-fundo-branco-580x588.png\" class=\"attachment-fioxen_medium size-fioxen_medium wp-post-image\" alt=\"\" \/>         <\/a> \r\n         <a class=\"bg-overlay\" href=\"https:\/\/aconnection.com.br\/classificados\/portfolio\/sti-company\/\"><\/a>\r\n      <\/div>\r\n      <div class=\"case-content\">\r\n         <div class=\"content-inner\">\r\n            <div class=\"content-left\">\r\n               <div class=\"case-meta\"><a href=\"https:\/\/aconnection.com.br\/classificados\/category-portfolio\/anunciante\/\" title=\"View all posts in Anunciante\">Anunciante<\/a><\/div>\r\n               <h3 class=\"title\">\r\n                  <a href=\"https:\/\/aconnection.com.br\/classificados\/portfolio\/sti-company\/\">STI Company<\/a>\r\n               <\/h3>\r\n            <\/div>\r\n            <div class=\"content-right\">   \r\n               <a class=\"link-to-content\" href=\"https:\/\/aconnection.com.br\/classificados\/portfolio\/sti-company\/\"><i class=\"las la-long-arrow-alt-right\"><\/i><\/a>\r\n            <\/div>   \r\n         <\/div>    \r\n      <\/div>  \r\n      <div class=\"bg-overlay\"><\/div>\r\n   <\/div>\r\n   \r\n<\/div>\r\n      <\/div>\r\n    <\/div>\r\n            <div class=\"pagination\">\r\n                    <\/div>\r\n      <\/div>\r\n  <\/div>\t\t\t\t<\/div>\n\t\t\t\t<\/div>\n\t\t\t\t\t<\/div>\n\t\t<\/div>\n\t\t\t\t\t<\/div>\n\t\t<\/section>\n\t\t\t\t<\/div>\n\t\t","protected":false},"excerpt":{"rendered":"<p>Promo\u00e7\u00f5es e Ofertas Veja as novidades dos nossos clientes Anunciante STI Company<\/p>\n","protected":false},"author":1,"featured_media":0,"parent":0,"menu_order":0,"comment_status":"closed","ping_status":"closed","template":"","meta":{"om_disable_all_campaigns":false,"_monsterinsights_skip_tracking":false,"_monsterinsights_sitenote_active":false,"_monsterinsights_sitenote_note":"","_monsterinsights_sitenote_category":0,"_uf_show_specific_survey":0,"_uf_disable_surveys":false,"_price":"","_stock":"","_tribe_ticket_header":"","_tribe_default_ticket_provider":"","_tribe_ticket_capacity":"0","_ticket_start_date":"","_ticket_end_date":"","_tribe_ticket_show_description":"","_tribe_ticket_show_not_going":false,"_tribe_ticket_use_global_stock":"","_tribe_ticket_global_stock_level":"","_global_stock_mode":"","_global_stock_cap":"","_tribe_rsvp_for_event":"","_tribe_ticket_going_count":"","_tribe_ticket_not_going_count":"","_tribe_tickets_list":"[]","_tribe_ticket_has_attendee_info_fields":false,"_EventAllDay":false,"_EventTimezone":"","_EventStartDate":"","_EventEndDate":"","_EventStartDateUTC":"","_EventEndDateUTC":"","_EventShowMap":false,"_EventShowMapLink":false,"_EventURL":"","_EventCost":"","_EventCostDescription":"","_EventCurrencySymbol":"","_EventCurrencyCode":"","_EventCurrencyPosition":"","_EventDateTimeSeparator":"","_EventTimeRangeSeparator":"","_EventOrganizerID":[],"_EventVenueID":[],"_OrganizerEmail":"","_OrganizerPhone":"","_OrganizerWebsite":"","_VenueAddress":"","_VenueCity":"","_VenueCountry":"","_VenueProvince":"","_VenueState":"","_VenueZip":"","_VenuePhone":"","_VenueURL":"","_VenueStateProvince":"","_VenueLat":"","_VenueLng":"","_VenueShowMap":false,"_VenueShowMapLink":false,"footnotes":"","_tec_slr_enabled":"","_tec_slr_layout":""},"class_list":["post-2179","page","type-page","status-publish","hentry"],"yoast_head":"<!-- This site is optimized with the Yoast SEO Premium plugin v26.5 (Yoast SEO v27.4) - https:\/\/yoast.com\/product\/yoast-seo-premium-wordpress\/ -->\n<title>Promo\u00e7\u00f5es e Ofertas - AConnection Classificados<\/title>\n<meta name=\"robots\" content=\"index, follow, max-snippet:-1, max-image-preview:large, max-video-preview:-1\" \/>\n<link rel=\"canonical\" href=\"https:\/\/aconnection.com.br\/classificados\/promocoes-e-ofertas\/\" \/>\n<meta property=\"og:locale\" content=\"pt_BR\" \/>\n<meta property=\"og:type\" content=\"article\" \/>\n<meta property=\"og:title\" content=\"Promo\u00e7\u00f5es e Ofertas\" \/>\n<meta property=\"og:description\" content=\"Promo\u00e7\u00f5es e Ofertas Veja as novidades dos nossos clientes Anunciante STI Company\" \/>\n<meta property=\"og:url\" content=\"https:\/\/aconnection.com.br\/classificados\/promocoes-e-ofertas\/\" \/>\n<meta property=\"og:site_name\" content=\"AConnection Classificados\" \/>\n<meta property=\"article:modified_time\" content=\"2025-10-22T13:08:16+00:00\" \/>\n<meta property=\"og:image\" content=\"https:\/\/aconnection.com.br\/classificados\/wp-content\/uploads\/2024\/05\/Logomarca-STI-Company-fundo-branco-580x588.png\" \/>\n<meta name=\"twitter:card\" content=\"summary_large_image\" \/>\n<meta name=\"twitter:site\" content=\"@sticompanyy\" \/>\n<meta name=\"twitter:label1\" content=\"Est. tempo de leitura\" \/>\n\t<meta name=\"twitter:data1\" content=\"1 minuto\" \/>\n<script type=\"application\/ld+json\" class=\"yoast-schema-graph\">{\"@context\":\"https:\\\/\\\/schema.org\",\"@graph\":[{\"@type\":\"WebPage\",\"@id\":\"https:\\\/\\\/aconnection.com.br\\\/classificados\\\/promocoes-e-ofertas\\\/\",\"url\":\"https:\\\/\\\/aconnection.com.br\\\/classificados\\\/promocoes-e-ofertas\\\/\",\"name\":\"Promo\u00e7\u00f5es e Ofertas - AConnection Classificados\",\"isPartOf\":{\"@id\":\"https:\\\/\\\/aconnection.com.br\\\/classificados\\\/#website\"},\"primaryImageOfPage\":{\"@id\":\"https:\\\/\\\/aconnection.com.br\\\/classificados\\\/promocoes-e-ofertas\\\/#primaryimage\"},\"image\":{\"@id\":\"https:\\\/\\\/aconnection.com.br\\\/classificados\\\/promocoes-e-ofertas\\\/#primaryimage\"},\"thumbnailUrl\":\"https:\\\/\\\/aconnection.com.br\\\/classificados\\\/wp-content\\\/uploads\\\/2024\\\/05\\\/Logomarca-STI-Company-fundo-branco-580x588.png\",\"datePublished\":\"2024-05-17T17:37:16+00:00\",\"dateModified\":\"2025-10-22T13:08:16+00:00\",\"breadcrumb\":{\"@id\":\"https:\\\/\\\/aconnection.com.br\\\/classificados\\\/promocoes-e-ofertas\\\/#breadcrumb\"},\"inLanguage\":\"pt-BR\",\"potentialAction\":[{\"@type\":\"ReadAction\",\"target\":[\"https:\\\/\\\/aconnection.com.br\\\/classificados\\\/promocoes-e-ofertas\\\/\"]}]},{\"@type\":\"ImageObject\",\"inLanguage\":\"pt-BR\",\"@id\":\"https:\\\/\\\/aconnection.com.br\\\/classificados\\\/promocoes-e-ofertas\\\/#primaryimage\",\"url\":\"https:\\\/\\\/aconnection.com.br\\\/classificados\\\/wp-content\\\/uploads\\\/2024\\\/05\\\/Logomarca-STI-Company-fundo-branco.png\",\"contentUrl\":\"https:\\\/\\\/aconnection.com.br\\\/classificados\\\/wp-content\\\/uploads\\\/2024\\\/05\\\/Logomarca-STI-Company-fundo-branco.png\",\"width\":1625,\"height\":1419},{\"@type\":\"BreadcrumbList\",\"@id\":\"https:\\\/\\\/aconnection.com.br\\\/classificados\\\/promocoes-e-ofertas\\\/#breadcrumb\",\"itemListElement\":[{\"@type\":\"ListItem\",\"position\":1,\"name\":\"In\u00edcio\",\"item\":\"https:\\\/\\\/aconnection.com.br\\\/classificados\\\/\"},{\"@type\":\"ListItem\",\"position\":2,\"name\":\"Promo\u00e7\u00f5es e Ofertas\"}]},{\"@type\":\"WebSite\",\"@id\":\"https:\\\/\\\/aconnection.com.br\\\/classificados\\\/#website\",\"url\":\"https:\\\/\\\/aconnection.com.br\\\/classificados\\\/\",\"name\":\"AConnection Classificados\",\"description\":\"Conectando Clientes, Impulsinando o Seu Neg\u00f3cio\",\"publisher\":{\"@id\":\"https:\\\/\\\/aconnection.com.br\\\/classificados\\\/#organization\"},\"potentialAction\":[{\"@type\":\"SearchAction\",\"target\":{\"@type\":\"EntryPoint\",\"urlTemplate\":\"https:\\\/\\\/aconnection.com.br\\\/classificados\\\/?s={search_term_string}\"},\"query-input\":{\"@type\":\"PropertyValueSpecification\",\"valueRequired\":true,\"valueName\":\"search_term_string\"}}],\"inLanguage\":\"pt-BR\"},{\"@type\":\"Organization\",\"@id\":\"https:\\\/\\\/aconnection.com.br\\\/classificados\\\/#organization\",\"name\":\"AConnection Classificados\",\"url\":\"https:\\\/\\\/aconnection.com.br\\\/classificados\\\/\",\"logo\":{\"@type\":\"ImageObject\",\"inLanguage\":\"pt-BR\",\"@id\":\"https:\\\/\\\/aconnection.com.br\\\/classificados\\\/#\\\/schema\\\/logo\\\/image\\\/\",\"url\":\"https:\\\/\\\/aconnection.com.br\\\/classificados\\\/wp-content\\\/uploads\\\/2021\\\/08\\\/Logomarca-AConnection-05.png\",\"contentUrl\":\"https:\\\/\\\/aconnection.com.br\\\/classificados\\\/wp-content\\\/uploads\\\/2021\\\/08\\\/Logomarca-AConnection-05.png\",\"width\":3098,\"height\":2860,\"caption\":\"AConnection Classificados\"},\"image\":{\"@id\":\"https:\\\/\\\/aconnection.com.br\\\/classificados\\\/#\\\/schema\\\/logo\\\/image\\\/\"},\"sameAs\":[\"https:\\\/\\\/x.com\\\/sticompanyy\",\"https:\\\/\\\/www.instagram.com\\\/sti.company\"]}]}<\/script>\n<!-- \/ Yoast SEO Premium plugin. -->","yoast_head_json":{"title":"Promo\u00e7\u00f5es e Ofertas - AConnection Classificados","robots":{"index":"index","follow":"follow","max-snippet":"max-snippet:-1","max-image-preview":"max-image-preview:large","max-video-preview":"max-video-preview:-1"},"canonical":"https:\/\/aconnection.com.br\/classificados\/promocoes-e-ofertas\/","og_locale":"pt_BR","og_type":"article","og_title":"Promo\u00e7\u00f5es e Ofertas","og_description":"Promo\u00e7\u00f5es e Ofertas Veja as novidades dos nossos clientes Anunciante STI Company","og_url":"https:\/\/aconnection.com.br\/classificados\/promocoes-e-ofertas\/","og_site_name":"AConnection Classificados","article_modified_time":"2025-10-22T13:08:16+00:00","og_image":[{"url":"https:\/\/aconnection.com.br\/classificados\/wp-content\/uploads\/2024\/05\/Logomarca-STI-Company-fundo-branco-580x588.png","type":"","width":"","height":""}],"twitter_card":"summary_large_image","twitter_site":"@sticompanyy","twitter_misc":{"Est. tempo de leitura":"1 minuto"},"schema":{"@context":"https:\/\/schema.org","@graph":[{"@type":"WebPage","@id":"https:\/\/aconnection.com.br\/classificados\/promocoes-e-ofertas\/","url":"https:\/\/aconnection.com.br\/classificados\/promocoes-e-ofertas\/","name":"Promo\u00e7\u00f5es e Ofertas - AConnection Classificados","isPartOf":{"@id":"https:\/\/aconnection.com.br\/classificados\/#website"},"primaryImageOfPage":{"@id":"https:\/\/aconnection.com.br\/classificados\/promocoes-e-ofertas\/#primaryimage"},"image":{"@id":"https:\/\/aconnection.com.br\/classificados\/promocoes-e-ofertas\/#primaryimage"},"thumbnailUrl":"https:\/\/aconnection.com.br\/classificados\/wp-content\/uploads\/2024\/05\/Logomarca-STI-Company-fundo-branco-580x588.png","datePublished":"2024-05-17T17:37:16+00:00","dateModified":"2025-10-22T13:08:16+00:00","breadcrumb":{"@id":"https:\/\/aconnection.com.br\/classificados\/promocoes-e-ofertas\/#breadcrumb"},"inLanguage":"pt-BR","potentialAction":[{"@type":"ReadAction","target":["https:\/\/aconnection.com.br\/classificados\/promocoes-e-ofertas\/"]}]},{"@type":"ImageObject","inLanguage":"pt-BR","@id":"https:\/\/aconnection.com.br\/classificados\/promocoes-e-ofertas\/#primaryimage","url":"https:\/\/aconnection.com.br\/classificados\/wp-content\/uploads\/2024\/05\/Logomarca-STI-Company-fundo-branco.png","contentUrl":"https:\/\/aconnection.com.br\/classificados\/wp-content\/uploads\/2024\/05\/Logomarca-STI-Company-fundo-branco.png","width":1625,"height":1419},{"@type":"BreadcrumbList","@id":"https:\/\/aconnection.com.br\/classificados\/promocoes-e-ofertas\/#breadcrumb","itemListElement":[{"@type":"ListItem","position":1,"name":"In\u00edcio","item":"https:\/\/aconnection.com.br\/classificados\/"},{"@type":"ListItem","position":2,"name":"Promo\u00e7\u00f5es e Ofertas"}]},{"@type":"WebSite","@id":"https:\/\/aconnection.com.br\/classificados\/#website","url":"https:\/\/aconnection.com.br\/classificados\/","name":"AConnection Classificados","description":"Conectando Clientes, Impulsinando o Seu Neg\u00f3cio","publisher":{"@id":"https:\/\/aconnection.com.br\/classificados\/#organization"},"potentialAction":[{"@type":"SearchAction","target":{"@type":"EntryPoint","urlTemplate":"https:\/\/aconnection.com.br\/classificados\/?s={search_term_string}"},"query-input":{"@type":"PropertyValueSpecification","valueRequired":true,"valueName":"search_term_string"}}],"inLanguage":"pt-BR"},{"@type":"Organization","@id":"https:\/\/aconnection.com.br\/classificados\/#organization","name":"AConnection Classificados","url":"https:\/\/aconnection.com.br\/classificados\/","logo":{"@type":"ImageObject","inLanguage":"pt-BR","@id":"https:\/\/aconnection.com.br\/classificados\/#\/schema\/logo\/image\/","url":"https:\/\/aconnection.com.br\/classificados\/wp-content\/uploads\/2021\/08\/Logomarca-AConnection-05.png","contentUrl":"https:\/\/aconnection.com.br\/classificados\/wp-content\/uploads\/2021\/08\/Logomarca-AConnection-05.png","width":3098,"height":2860,"caption":"AConnection Classificados"},"image":{"@id":"https:\/\/aconnection.com.br\/classificados\/#\/schema\/logo\/image\/"},"sameAs":["https:\/\/x.com\/sticompanyy","https:\/\/www.instagram.com\/sti.company"]}]}},"ticketed":false,"_links":{"self":[{"href":"https:\/\/aconnection.com.br\/classificados\/wp-json\/wp\/v2\/pages\/2179","targetHints":{"allow":["GET"]}}],"collection":[{"href":"https:\/\/aconnection.com.br\/classificados\/wp-json\/wp\/v2\/pages"}],"about":[{"href":"https:\/\/aconnection.com.br\/classificados\/wp-json\/wp\/v2\/types\/page"}],"author":[{"embeddable":true,"href":"https:\/\/aconnection.com.br\/classificados\/wp-json\/wp\/v2\/users\/1"}],"replies":[{"embeddable":true,"href":"https:\/\/aconnection.com.br\/classificados\/wp-json\/wp\/v2\/comments?post=2179"}],"version-history":[{"count":19,"href":"https:\/\/aconnection.com.br\/classificados\/wp-json\/wp\/v2\/pages\/2179\/revisions"}],"predecessor-version":[{"id":52198,"href":"https:\/\/aconnection.com.br\/classificados\/wp-json\/wp\/v2\/pages\/2179\/revisions\/52198"}],"wp:attachment":[{"href":"https:\/\/aconnection.com.br\/classificados\/wp-json\/wp\/v2\/media?parent=2179"}],"curies":[{"name":"wp","href":"https:\/\/api.w.org\/{rel}","templated":true}]}}