{"id":52510,"date":"2025-10-29T10:08:23","date_gmt":"2025-10-29T13:08:23","guid":{"rendered":"https:\/\/aconnection.com.br\/classificados\/sign-in-4\/"},"modified":"2025-11-05T16:44:53","modified_gmt":"2025-11-05T19:44:53","slug":"sign-in","status":"publish","type":"page","link":"https:\/\/aconnection.com.br\/classificados\/sign-in\/","title":{"rendered":"Login"},"content":{"rendered":"\t\t<div data-elementor-type=\"wp-page\" data-elementor-id=\"52510\" class=\"elementor elementor-52510\" data-elementor-post-type=\"page\">\n\t\t\t\t<div data-particle_enable=\"false\" data-particle-mobile-disabled=\"false\" class=\"elementor-element elementor-element-2385dfd6 e-flex e-con-boxed e-con e-parent\" data-id=\"2385dfd6\" data-element_type=\"container\" data-e-type=\"container\">\n\t\t\t\t\t<div class=\"e-con-inner\">\n\t\t\t\t<div class=\"elementor-element elementor-element-46edb2f elementor-widget elementor-widget-spacer\" data-id=\"46edb2f\" data-element_type=\"widget\" data-e-type=\"widget\" data-widget_type=\"spacer.default\">\n\t\t\t\t\t\t\t<div class=\"elementor-spacer\">\n\t\t\t<div class=\"elementor-spacer-inner\"><\/div>\n\t\t<\/div>\n\t\t\t\t\t\t<\/div>\n\t\t\t\t<div class=\"elementor-element elementor-element-8318919 elementor-widget elementor-widget-directorist_user_login\" data-id=\"8318919\" data-element_type=\"widget\" data-e-type=\"widget\" data-widget_type=\"directorist_user_login.default\">\n\t\t\t\t<div class=\"elementor-widget-container\">\n\t\t\t\t\t<div class=\"directorist-w-100\">\n    <div class=\"directorist-container-fluid\">\n        <div class=\"directorist-row\">\n            <div class=\"directorist-col-md-6 directorist-offset-md-3 directorist-login-wrapper directorist-authentication active\">\n                <div class=\"atbdp_login_form_shortcode directorist-authentication__form\">\n\n                    \n                    \n                    \n                                            <form action=\"#\" id=\"directorist__authentication__login\" method=\"POST\" class=\"directorist__authentication__signin\">\n                            <p class=\"status\"><\/p>\n                            <div class=\"directorist-form-group directorist-mb-15\">\n                                <label for=\"directorist__authentication__signin__username\">Nome de usu\u00e1rio ou endere\u00e7o de e-mail<\/label>\n                                <input type=\"text\" class=\"directorist-form-element\" id=\"username\" name=\"username\" \/>\n                            <\/div>\n\n                            <div class=\"directorist-form-group directorist-password-group\">\n                                <label for=\"directorist__authentication__signin__password\">Senha<\/label>\n                                <input type=\"password\" id=\"password\" autocomplete=\"off\" name=\"password\" class=\"directorist-form-element directorist-password-group-input\"\/>\n                                <span class=\"directorist-password-group-toggle\">\n                                    <svg class=\"directorist-password-group-eyeIcon\" xmlns=\"http:\/\/www.w3.org\/2000\/svg\" width=\"22\" height=\"22\" fill=\"none\" viewBox=\"0 0 24 24\">\n                                        <path stroke=\"#888\" stroke-width=\"2\" d=\"M1.5 12S5.5 5.5 12 5.5 22.5 12 22.5 12 18.5 18.5 12 18.5 1.5 12 1.5 12Z\"\/>\n                                        <circle cx=\"12\" cy=\"12\" r=\"3.5\" stroke=\"#888\" stroke-width=\"2\"\/>\n                                    <\/svg>\n                                <\/span>\n                            <\/div>\n                            <div class=\"directorist-authentication__form__actions\">\n\n                                                                    <div class=\"keep_signed directorist-checkbox\">\n                                        <input type=\"checkbox\" id=\"directorist_login_keep_signed_in\" value=\"1\" name=\"keep_signed_in\" checked \/>\n                                        <label for=\"directorist_login_keep_signed_in\" class=\"directorist-checkbox__label not_empty\">\n                                            Lembre de mim                                        <\/label>\n                                    <\/div>\n                                \n                                <a href='' class='atbdp_recovery_pass'> Recuperar senha<\/a>                            <\/div>\n\n                            <div class=\"directorist-form-group atbd_login_btn_wrapper directorist-mb-15 directorist-authentication__form__btn-wrapper\">\n                                <button class=\"directorist-btn directorist-btn-block directorist-authentication__form__btn\" type=\"submit\" value=\"Conecte-se\" name=\"submit\" aria-label=\"Signin Button\">Conecte-se<\/button>\n                                <input type=\"hidden\" id=\"security\" name=\"security\" value=\"c28f0a4202\" \/><input type=\"hidden\" name=\"_wp_http_referer\" value=\"\/classificados\/wp-json\/wp\/v2\/pages\/52510\" \/>                            <\/div>\n                        <\/form>\n\n                        <div class=\"atbd_social_login\">\n                                                    <\/div>\n\n                        \n                        \n                        <div id=\"recover-pass-modal\" class=\"directorist-mt-15 directorist-authentication__form__recover-pass-modal\">\n                            <form action=\"#\" method=\"post\">\n                                <fieldset class=\"directorist-form-group\">\n                                    <p>Perdeu sua senha? Insira seu endere\u00e7o de e-mail. Voc\u00ea receber\u00e1 um link para criar uma nova senha por e-mail.<\/p>\n                                    <label for=\"reset_user_login\">E-mail<\/label>\n                                    <input type=\"text\" class=\"directorist-mb-15 directorist-form-element\" name=\"user_login\" id=\"reset_user_login\" value=\"\" placeholder=\"por exemplo mail@example.com.br\" required=\"required\" \/>\n                                    <div class=\"directorist-authentication__form__btn-wrapper\">\n                                        <input type=\"hidden\" name=\"action\" value=\"reset\" \/>\n                                        <button type=\"submit\" class=\"directorist-btn directorist-authentication__form__btn\" id=\"directorist__authentication__submit\" aria-label=\"Recover Password Button\">Obtenha nova senha<\/button>\n                                        <input type=\"hidden\" value=\"fce90de19a\" name=\"directorist_nonce\">\n                                    <\/div>\n                                <\/fieldset>\n                            <\/form>\n                        <\/div>\n                                    <\/div><!-- \/.atbdp_login_form_shortcode -->\n            <\/div>\n\n                    <\/div>\n    <\/div>\n<\/div>\t\t\t\t<\/div>\n\t\t\t\t<\/div>\n\t\t\t\t\t<\/div>\n\t\t\t\t<\/div>\n\t\t\t\t<\/div>\n\t\t","protected":false},"excerpt":{"rendered":"<p>The account page is only accessible to logged-out users.Go to Dashboard<\/p>\n","protected":false},"author":1,"featured_media":0,"parent":0,"menu_order":0,"comment_status":"closed","ping_status":"closed","template":"redux-templates_full_width","meta":{"om_disable_all_campaigns":false,"_monsterinsights_skip_tracking":false,"_monsterinsights_sitenote_active":false,"_monsterinsights_sitenote_note":"","_monsterinsights_sitenote_category":0,"_uf_show_specific_survey":0,"_uf_disable_surveys":false,"_price":"","_stock":"","_tribe_ticket_header":"","_tribe_default_ticket_provider":"","_tribe_ticket_capacity":"0","_ticket_start_date":"","_ticket_end_date":"","_tribe_ticket_show_description":"","_tribe_ticket_show_not_going":false,"_tribe_ticket_use_global_stock":"","_tribe_ticket_global_stock_level":"","_global_stock_mode":"","_global_stock_cap":"","_tribe_rsvp_for_event":"","_tribe_ticket_going_count":"","_tribe_ticket_not_going_count":"","_tribe_tickets_list":"[]","_tribe_ticket_has_attendee_info_fields":false,"_EventAllDay":false,"_EventTimezone":"","_EventStartDate":"","_EventEndDate":"","_EventStartDateUTC":"","_EventEndDateUTC":"","_EventShowMap":false,"_EventShowMapLink":false,"_EventURL":"","_EventCost":"","_EventCostDescription":"","_EventCurrencySymbol":"","_EventCurrencyCode":"","_EventCurrencyPosition":"","_EventDateTimeSeparator":"","_EventTimeRangeSeparator":"","_EventOrganizerID":[],"_EventVenueID":[],"_OrganizerEmail":"","_OrganizerPhone":"","_OrganizerWebsite":"","_VenueAddress":"","_VenueCity":"","_VenueCountry":"","_VenueProvince":"","_VenueState":"","_VenueZip":"","_VenuePhone":"","_VenueURL":"","_VenueStateProvince":"","_VenueLat":"","_VenueLng":"","_VenueShowMap":false,"_VenueShowMapLink":false,"footnotes":"","_tec_slr_enabled":"","_tec_slr_layout":""},"class_list":["post-52510","page","type-page","status-publish","hentry"],"yoast_head":"<!-- This site is optimized with the Yoast SEO Premium plugin v26.5 (Yoast SEO v27.4) - https:\/\/yoast.com\/product\/yoast-seo-premium-wordpress\/ -->\n<title>Login - AConnection Classificados<\/title>\n<meta name=\"robots\" content=\"index, follow, max-snippet:-1, max-image-preview:large, max-video-preview:-1\" \/>\n<link rel=\"canonical\" href=\"https:\/\/aconnection.com.br\/classificados\/sign-in\/\" \/>\n<meta property=\"og:locale\" content=\"pt_BR\" \/>\n<meta property=\"og:type\" content=\"article\" \/>\n<meta property=\"og:title\" content=\"Login\" \/>\n<meta property=\"og:description\" content=\"The account page is only accessible to logged-out users.Go to Dashboard\" \/>\n<meta property=\"og:url\" content=\"https:\/\/aconnection.com.br\/classificados\/sign-in\/\" \/>\n<meta property=\"og:site_name\" content=\"AConnection Classificados\" \/>\n<meta property=\"article:modified_time\" content=\"2025-11-05T19:44:53+00:00\" \/>\n<meta name=\"twitter:card\" content=\"summary_large_image\" \/>\n<meta name=\"twitter:site\" content=\"@sticompanyy\" \/>\n<meta name=\"twitter:label1\" content=\"Est. tempo de leitura\" \/>\n\t<meta name=\"twitter:data1\" content=\"1 minuto\" \/>\n<script type=\"application\/ld+json\" class=\"yoast-schema-graph\">{\"@context\":\"https:\\\/\\\/schema.org\",\"@graph\":[{\"@type\":\"WebPage\",\"@id\":\"https:\\\/\\\/aconnection.com.br\\\/classificados\\\/sign-in\\\/\",\"url\":\"https:\\\/\\\/aconnection.com.br\\\/classificados\\\/sign-in\\\/\",\"name\":\"Login - AConnection Classificados\",\"isPartOf\":{\"@id\":\"https:\\\/\\\/aconnection.com.br\\\/classificados\\\/#website\"},\"datePublished\":\"2025-10-29T13:08:23+00:00\",\"dateModified\":\"2025-11-05T19:44:53+00:00\",\"breadcrumb\":{\"@id\":\"https:\\\/\\\/aconnection.com.br\\\/classificados\\\/sign-in\\\/#breadcrumb\"},\"inLanguage\":\"pt-BR\",\"potentialAction\":[{\"@type\":\"ReadAction\",\"target\":[\"https:\\\/\\\/aconnection.com.br\\\/classificados\\\/sign-in\\\/\"]}]},{\"@type\":\"BreadcrumbList\",\"@id\":\"https:\\\/\\\/aconnection.com.br\\\/classificados\\\/sign-in\\\/#breadcrumb\",\"itemListElement\":[{\"@type\":\"ListItem\",\"position\":1,\"name\":\"In\u00edcio\",\"item\":\"https:\\\/\\\/aconnection.com.br\\\/classificados\\\/\"},{\"@type\":\"ListItem\",\"position\":2,\"name\":\"Login\"}]},{\"@type\":\"WebSite\",\"@id\":\"https:\\\/\\\/aconnection.com.br\\\/classificados\\\/#website\",\"url\":\"https:\\\/\\\/aconnection.com.br\\\/classificados\\\/\",\"name\":\"AConnection Classificados\",\"description\":\"Conectando Clientes, Impulsinando o Seu Neg\u00f3cio\",\"publisher\":{\"@id\":\"https:\\\/\\\/aconnection.com.br\\\/classificados\\\/#organization\"},\"potentialAction\":[{\"@type\":\"SearchAction\",\"target\":{\"@type\":\"EntryPoint\",\"urlTemplate\":\"https:\\\/\\\/aconnection.com.br\\\/classificados\\\/?s={search_term_string}\"},\"query-input\":{\"@type\":\"PropertyValueSpecification\",\"valueRequired\":true,\"valueName\":\"search_term_string\"}}],\"inLanguage\":\"pt-BR\"},{\"@type\":\"Organization\",\"@id\":\"https:\\\/\\\/aconnection.com.br\\\/classificados\\\/#organization\",\"name\":\"AConnection Classificados\",\"url\":\"https:\\\/\\\/aconnection.com.br\\\/classificados\\\/\",\"logo\":{\"@type\":\"ImageObject\",\"inLanguage\":\"pt-BR\",\"@id\":\"https:\\\/\\\/aconnection.com.br\\\/classificados\\\/#\\\/schema\\\/logo\\\/image\\\/\",\"url\":\"https:\\\/\\\/aconnection.com.br\\\/classificados\\\/wp-content\\\/uploads\\\/2021\\\/08\\\/Logomarca-AConnection-05.png\",\"contentUrl\":\"https:\\\/\\\/aconnection.com.br\\\/classificados\\\/wp-content\\\/uploads\\\/2021\\\/08\\\/Logomarca-AConnection-05.png\",\"width\":3098,\"height\":2860,\"caption\":\"AConnection Classificados\"},\"image\":{\"@id\":\"https:\\\/\\\/aconnection.com.br\\\/classificados\\\/#\\\/schema\\\/logo\\\/image\\\/\"},\"sameAs\":[\"https:\\\/\\\/x.com\\\/sticompanyy\",\"https:\\\/\\\/www.instagram.com\\\/sti.company\"]}]}<\/script>\n<!-- \/ Yoast SEO Premium plugin. -->","yoast_head_json":{"title":"Login - AConnection Classificados","robots":{"index":"index","follow":"follow","max-snippet":"max-snippet:-1","max-image-preview":"max-image-preview:large","max-video-preview":"max-video-preview:-1"},"canonical":"https:\/\/aconnection.com.br\/classificados\/sign-in\/","og_locale":"pt_BR","og_type":"article","og_title":"Login","og_description":"The account page is only accessible to logged-out users.Go to Dashboard","og_url":"https:\/\/aconnection.com.br\/classificados\/sign-in\/","og_site_name":"AConnection Classificados","article_modified_time":"2025-11-05T19:44:53+00:00","twitter_card":"summary_large_image","twitter_site":"@sticompanyy","twitter_misc":{"Est. tempo de leitura":"1 minuto"},"schema":{"@context":"https:\/\/schema.org","@graph":[{"@type":"WebPage","@id":"https:\/\/aconnection.com.br\/classificados\/sign-in\/","url":"https:\/\/aconnection.com.br\/classificados\/sign-in\/","name":"Login - AConnection Classificados","isPartOf":{"@id":"https:\/\/aconnection.com.br\/classificados\/#website"},"datePublished":"2025-10-29T13:08:23+00:00","dateModified":"2025-11-05T19:44:53+00:00","breadcrumb":{"@id":"https:\/\/aconnection.com.br\/classificados\/sign-in\/#breadcrumb"},"inLanguage":"pt-BR","potentialAction":[{"@type":"ReadAction","target":["https:\/\/aconnection.com.br\/classificados\/sign-in\/"]}]},{"@type":"BreadcrumbList","@id":"https:\/\/aconnection.com.br\/classificados\/sign-in\/#breadcrumb","itemListElement":[{"@type":"ListItem","position":1,"name":"In\u00edcio","item":"https:\/\/aconnection.com.br\/classificados\/"},{"@type":"ListItem","position":2,"name":"Login"}]},{"@type":"WebSite","@id":"https:\/\/aconnection.com.br\/classificados\/#website","url":"https:\/\/aconnection.com.br\/classificados\/","name":"AConnection Classificados","description":"Conectando Clientes, Impulsinando o Seu Neg\u00f3cio","publisher":{"@id":"https:\/\/aconnection.com.br\/classificados\/#organization"},"potentialAction":[{"@type":"SearchAction","target":{"@type":"EntryPoint","urlTemplate":"https:\/\/aconnection.com.br\/classificados\/?s={search_term_string}"},"query-input":{"@type":"PropertyValueSpecification","valueRequired":true,"valueName":"search_term_string"}}],"inLanguage":"pt-BR"},{"@type":"Organization","@id":"https:\/\/aconnection.com.br\/classificados\/#organization","name":"AConnection Classificados","url":"https:\/\/aconnection.com.br\/classificados\/","logo":{"@type":"ImageObject","inLanguage":"pt-BR","@id":"https:\/\/aconnection.com.br\/classificados\/#\/schema\/logo\/image\/","url":"https:\/\/aconnection.com.br\/classificados\/wp-content\/uploads\/2021\/08\/Logomarca-AConnection-05.png","contentUrl":"https:\/\/aconnection.com.br\/classificados\/wp-content\/uploads\/2021\/08\/Logomarca-AConnection-05.png","width":3098,"height":2860,"caption":"AConnection Classificados"},"image":{"@id":"https:\/\/aconnection.com.br\/classificados\/#\/schema\/logo\/image\/"},"sameAs":["https:\/\/x.com\/sticompanyy","https:\/\/www.instagram.com\/sti.company"]}]}},"ticketed":false,"_links":{"self":[{"href":"https:\/\/aconnection.com.br\/classificados\/wp-json\/wp\/v2\/pages\/52510","targetHints":{"allow":["GET"]}}],"collection":[{"href":"https:\/\/aconnection.com.br\/classificados\/wp-json\/wp\/v2\/pages"}],"about":[{"href":"https:\/\/aconnection.com.br\/classificados\/wp-json\/wp\/v2\/types\/page"}],"author":[{"embeddable":true,"href":"https:\/\/aconnection.com.br\/classificados\/wp-json\/wp\/v2\/users\/1"}],"replies":[{"embeddable":true,"href":"https:\/\/aconnection.com.br\/classificados\/wp-json\/wp\/v2\/comments?post=52510"}],"version-history":[{"count":5,"href":"https:\/\/aconnection.com.br\/classificados\/wp-json\/wp\/v2\/pages\/52510\/revisions"}],"predecessor-version":[{"id":53047,"href":"https:\/\/aconnection.com.br\/classificados\/wp-json\/wp\/v2\/pages\/52510\/revisions\/53047"}],"wp:attachment":[{"href":"https:\/\/aconnection.com.br\/classificados\/wp-json\/wp\/v2\/media?parent=52510"}],"curies":[{"name":"wp","href":"https:\/\/api.w.org\/{rel}","templated":true}]}}