{"id":53710,"date":"2026-03-03T11:45:11","date_gmt":"2026-03-03T14:45:11","guid":{"rendered":"https:\/\/aconnection.com.br\/classificados\/?page_id=53710"},"modified":"2026-04-23T08:52:21","modified_gmt":"2026-04-23T11:52:21","slug":"calculadora-de-rescisao","status":"publish","type":"page","link":"https:\/\/aconnection.com.br\/classificados\/calculadora-de-rescisao\/","title":{"rendered":"Calculadora de Rescis\u00e3o Trabalhista"},"content":{"rendered":"\t\t<div data-elementor-type=\"wp-page\" data-elementor-id=\"53710\" class=\"elementor elementor-53710\" data-elementor-post-type=\"page\">\n\t\t\t\t<div data-particle_enable=\"false\" data-particle-mobile-disabled=\"false\" class=\"elementor-element elementor-element-dc0b835 e-con-full e-flex e-con e-parent\" data-id=\"dc0b835\" data-element_type=\"container\" data-e-type=\"container\">\n\t\t<div data-particle_enable=\"false\" data-particle-mobile-disabled=\"false\" class=\"elementor-element elementor-element-cedda99 e-flex e-con-boxed e-con e-child\" data-id=\"cedda99\" data-element_type=\"container\" data-e-type=\"container\">\n\t\t\t\t\t<div class=\"e-con-inner\">\n\t\t\t\t<div class=\"elementor-element elementor-element-e8269cf elementor-headline--style-highlight elementor-widget elementor-widget-animated-headline\" data-id=\"e8269cf\" data-element_type=\"widget\" data-e-type=\"widget\" data-settings=\"{&quot;highlighted_text&quot;:&quot;Importante&quot;,&quot;headline_style&quot;:&quot;highlight&quot;,&quot;marker&quot;:&quot;circle&quot;,&quot;loop&quot;:&quot;yes&quot;,&quot;highlight_animation_duration&quot;:1200,&quot;highlight_iteration_delay&quot;:8000}\" data-widget_type=\"animated-headline.default\">\n\t\t\t\t\t\t\t<h3 class=\"elementor-headline\">\n\t\t\t\t\t<span class=\"elementor-headline-plain-text elementor-headline-text-wrapper\">Aviso<\/span>\n\t\t\t\t<span class=\"elementor-headline-dynamic-wrapper elementor-headline-text-wrapper\">\n\t\t\t\t\t<span class=\"elementor-headline-dynamic-text elementor-headline-text-active\">Importante<\/span>\n\t\t\t\t<\/span>\n\t\t\t\t<\/h3>\n\t\t\t\t\t\t<\/div>\n\t\t\t\t<div class=\"elementor-element elementor-element-5d40b22 elementor-widget elementor-widget-text-editor\" data-id=\"5d40b22\" data-element_type=\"widget\" data-e-type=\"widget\" data-widget_type=\"text-editor.default\">\n\t\t\t\t\t\t\t\t\t<p data-start=\"1426\" data-end=\"1553\">Esta calculadora \u00e9 oferecida gratuitamente pelo <strong data-start=\"1474\" data-end=\"1503\">AConnection Classificados<\/strong> como ferramenta de apoio e estimativa de valores.<\/p><p data-start=\"1555\" data-end=\"1772\">Os resultados possuem car\u00e1ter informativo e n\u00e3o substituem a avalia\u00e7\u00e3o de um profissional especializado. Para an\u00e1lise detalhada do seu caso, recomendamos consultar um advogado trabalhista ou contador de sua confian\u00e7a.<\/p><p data-start=\"1774\" data-end=\"1874\">Voc\u00ea pode encontrar profissionais qualificados em nossa se\u00e7\u00e3o de empresas e prestadores de servi\u00e7os.<\/p>\t\t\t\t\t\t\t\t<\/div>\n\t\t\t\t<div class=\"elementor-element elementor-element-5c92772 elementor-align-center elementor-widget elementor-widget-button\" data-id=\"5c92772\" data-element_type=\"widget\" data-e-type=\"widget\" data-widget_type=\"button.default\">\n\t\t\t\t\t\t\t\t\t\t<a class=\"elementor-button elementor-button-link elementor-size-sm\" href=\"https:\/\/aconnection.com.br\/classificados\/area-de-atuacao\/contabilidade\/\" target=\"_blank\">\n\t\t\t\t\t\t<span class=\"elementor-button-content-wrapper\">\n\t\t\t\t\t\t\t\t\t<span class=\"elementor-button-text\">Pesquisar Contabilidades<\/span>\n\t\t\t\t\t<\/span>\n\t\t\t\t\t<\/a>\n\t\t\t\t\t\t\t\t<\/div>\n\t\t\t\t<div class=\"elementor-element elementor-element-7edb5ff elementor-widget elementor-widget-html\" data-id=\"7edb5ff\" data-element_type=\"widget\" data-e-type=\"widget\" data-widget_type=\"html.default\">\n\t\t\t\t\t<iframe src=\"https:\/\/aconnection.com.br\/tempo_servico.php\" \r\nwidth=\"100%\" \r\nheight=\"1500px\" \r\nstyle=\"border:none;\">\r\n<\/iframe>\t\t\t\t<\/div>\n\t\t\t\t\t<\/div>\n\t\t\t\t<\/div>\n\t\t\t\t<\/div>\n\t\t\t\t<\/div>\n\t\t","protected":false},"excerpt":{"rendered":"<p>Aviso Importante Esta calculadora \u00e9 oferecida gratuitamente pelo AConnection Classificados como ferramenta de apoio e estimativa de valores. Os resultados possuem car\u00e1ter informativo e n\u00e3o substituem a avalia\u00e7\u00e3o de um [&hellip;]<\/p>\n","protected":false},"author":1,"featured_media":52450,"parent":0,"menu_order":0,"comment_status":"closed","ping_status":"closed","template":"","meta":{"om_disable_all_campaigns":false,"_monsterinsights_skip_tracking":false,"_monsterinsights_sitenote_active":false,"_monsterinsights_sitenote_note":"","_monsterinsights_sitenote_category":0,"_uf_show_specific_survey":0,"_uf_disable_surveys":false,"_price":"","_stock":"","_tribe_ticket_header":"","_tribe_default_ticket_provider":"","_tribe_ticket_capacity":"0","_ticket_start_date":"","_ticket_end_date":"","_tribe_ticket_show_description":"","_tribe_ticket_show_not_going":false,"_tribe_ticket_use_global_stock":"","_tribe_ticket_global_stock_level":"","_global_stock_mode":"","_global_stock_cap":"","_tribe_rsvp_for_event":"","_tribe_ticket_going_count":"","_tribe_ticket_not_going_count":"","_tribe_tickets_list":"[]","_tribe_ticket_has_attendee_info_fields":false,"_EventAllDay":false,"_EventTimezone":"","_EventStartDate":"","_EventEndDate":"","_EventStartDateUTC":"","_EventEndDateUTC":"","_EventShowMap":false,"_EventShowMapLink":false,"_EventURL":"","_EventCost":"","_EventCostDescription":"","_EventCurrencySymbol":"","_EventCurrencyCode":"","_EventCurrencyPosition":"","_EventDateTimeSeparator":"","_EventTimeRangeSeparator":"","_EventOrganizerID":[],"_EventVenueID":[],"_OrganizerEmail":"","_OrganizerPhone":"","_OrganizerWebsite":"","_VenueAddress":"","_VenueCity":"","_VenueCountry":"","_VenueProvince":"","_VenueState":"","_VenueZip":"","_VenuePhone":"","_VenueURL":"","_VenueStateProvince":"","_VenueLat":"","_VenueLng":"","_VenueShowMap":false,"_VenueShowMapLink":false,"footnotes":"","_tec_slr_enabled":"","_tec_slr_layout":""},"class_list":["post-53710","page","type-page","status-publish","has-post-thumbnail","hentry"],"yoast_head":"<!-- This site is optimized with the Yoast SEO Premium plugin v26.5 (Yoast SEO v27.4) - https:\/\/yoast.com\/product\/yoast-seo-premium-wordpress\/ -->\n<title>Calculadora de Rescis\u00e3o Trabalhista Online Gr\u00e1tis<\/title>\n<meta name=\"description\" content=\"Calcule sua rescis\u00e3o trabalhista online gratuitamente. Simule saldo sal\u00e1rio, f\u00e9rias, 13\u00ba, FGTS e multa de 40%\" \/>\n<meta name=\"robots\" content=\"index, follow, max-snippet:-1, max-image-preview:large, max-video-preview:-1\" \/>\n<link rel=\"canonical\" href=\"https:\/\/aconnection.com.br\/classificados\/calculadora-de-rescisao\/\" \/>\n<meta property=\"og:locale\" content=\"pt_BR\" \/>\n<meta property=\"og:type\" content=\"article\" \/>\n<meta property=\"og:title\" content=\"Calculadora de Rescis\u00e3o Trabalhista\" \/>\n<meta property=\"og:description\" content=\"Calcule sua rescis\u00e3o trabalhista online gratuitamente. Simule saldo sal\u00e1rio, f\u00e9rias, 13\u00ba, FGTS e multa de 40%\" \/>\n<meta property=\"og:url\" content=\"https:\/\/aconnection.com.br\/classificados\/calculadora-de-rescisao\/\" \/>\n<meta property=\"og:site_name\" content=\"AConnection Classificados\" \/>\n<meta property=\"article:modified_time\" content=\"2026-04-23T11:52:21+00:00\" \/>\n<meta property=\"og:image\" content=\"https:\/\/aconnection.com.br\/classificados\/wp-content\/uploads\/2025\/10\/direito-trabalhista-rescisao.jpg\" \/>\n\t<meta property=\"og:image:width\" content=\"1080\" \/>\n\t<meta property=\"og:image:height\" content=\"1080\" \/>\n\t<meta property=\"og:image:type\" content=\"image\/jpeg\" \/>\n<meta name=\"twitter:card\" content=\"summary_large_image\" \/>\n<meta name=\"twitter:site\" content=\"@sticompanyy\" \/>\n<meta name=\"twitter:label1\" content=\"Est. tempo de leitura\" \/>\n\t<meta name=\"twitter:data1\" content=\"1 minuto\" \/>\n<script type=\"application\/ld+json\" class=\"yoast-schema-graph\">{\"@context\":\"https:\\\/\\\/schema.org\",\"@graph\":[{\"@type\":\"WebPage\",\"@id\":\"https:\\\/\\\/aconnection.com.br\\\/classificados\\\/calculadora-de-rescisao\\\/\",\"url\":\"https:\\\/\\\/aconnection.com.br\\\/classificados\\\/calculadora-de-rescisao\\\/\",\"name\":\"Calculadora de Rescis\u00e3o Trabalhista Online Gr\u00e1tis\",\"isPartOf\":{\"@id\":\"https:\\\/\\\/aconnection.com.br\\\/classificados\\\/#website\"},\"primaryImageOfPage\":{\"@id\":\"https:\\\/\\\/aconnection.com.br\\\/classificados\\\/calculadora-de-rescisao\\\/#primaryimage\"},\"image\":{\"@id\":\"https:\\\/\\\/aconnection.com.br\\\/classificados\\\/calculadora-de-rescisao\\\/#primaryimage\"},\"thumbnailUrl\":\"https:\\\/\\\/aconnection.com.br\\\/classificados\\\/wp-content\\\/uploads\\\/2025\\\/10\\\/direito-trabalhista-rescisao.jpg\",\"datePublished\":\"2026-03-03T14:45:11+00:00\",\"dateModified\":\"2026-04-23T11:52:21+00:00\",\"description\":\"Calcule sua rescis\u00e3o trabalhista online gratuitamente. Simule saldo sal\u00e1rio, f\u00e9rias, 13\u00ba, FGTS e multa de 40%\",\"breadcrumb\":{\"@id\":\"https:\\\/\\\/aconnection.com.br\\\/classificados\\\/calculadora-de-rescisao\\\/#breadcrumb\"},\"inLanguage\":\"pt-BR\",\"potentialAction\":[{\"@type\":\"ReadAction\",\"target\":[\"https:\\\/\\\/aconnection.com.br\\\/classificados\\\/calculadora-de-rescisao\\\/\"]}]},{\"@type\":\"ImageObject\",\"inLanguage\":\"pt-BR\",\"@id\":\"https:\\\/\\\/aconnection.com.br\\\/classificados\\\/calculadora-de-rescisao\\\/#primaryimage\",\"url\":\"https:\\\/\\\/aconnection.com.br\\\/classificados\\\/wp-content\\\/uploads\\\/2025\\\/10\\\/direito-trabalhista-rescisao.jpg\",\"contentUrl\":\"https:\\\/\\\/aconnection.com.br\\\/classificados\\\/wp-content\\\/uploads\\\/2025\\\/10\\\/direito-trabalhista-rescisao.jpg\",\"width\":1080,\"height\":1080},{\"@type\":\"BreadcrumbList\",\"@id\":\"https:\\\/\\\/aconnection.com.br\\\/classificados\\\/calculadora-de-rescisao\\\/#breadcrumb\",\"itemListElement\":[{\"@type\":\"ListItem\",\"position\":1,\"name\":\"In\u00edcio\",\"item\":\"https:\\\/\\\/aconnection.com.br\\\/classificados\\\/\"},{\"@type\":\"ListItem\",\"position\":2,\"name\":\"Calculadora de Rescis\u00e3o Trabalhista\"}]},{\"@type\":\"WebSite\",\"@id\":\"https:\\\/\\\/aconnection.com.br\\\/classificados\\\/#website\",\"url\":\"https:\\\/\\\/aconnection.com.br\\\/classificados\\\/\",\"name\":\"AConnection Classificados\",\"description\":\"Conectando Clientes, Impulsinando o Seu Neg\u00f3cio\",\"publisher\":{\"@id\":\"https:\\\/\\\/aconnection.com.br\\\/classificados\\\/#organization\"},\"potentialAction\":[{\"@type\":\"SearchAction\",\"target\":{\"@type\":\"EntryPoint\",\"urlTemplate\":\"https:\\\/\\\/aconnection.com.br\\\/classificados\\\/?s={search_term_string}\"},\"query-input\":{\"@type\":\"PropertyValueSpecification\",\"valueRequired\":true,\"valueName\":\"search_term_string\"}}],\"inLanguage\":\"pt-BR\"},{\"@type\":\"Organization\",\"@id\":\"https:\\\/\\\/aconnection.com.br\\\/classificados\\\/#organization\",\"name\":\"AConnection Classificados\",\"url\":\"https:\\\/\\\/aconnection.com.br\\\/classificados\\\/\",\"logo\":{\"@type\":\"ImageObject\",\"inLanguage\":\"pt-BR\",\"@id\":\"https:\\\/\\\/aconnection.com.br\\\/classificados\\\/#\\\/schema\\\/logo\\\/image\\\/\",\"url\":\"https:\\\/\\\/aconnection.com.br\\\/classificados\\\/wp-content\\\/uploads\\\/2021\\\/08\\\/Logomarca-AConnection-05.png\",\"contentUrl\":\"https:\\\/\\\/aconnection.com.br\\\/classificados\\\/wp-content\\\/uploads\\\/2021\\\/08\\\/Logomarca-AConnection-05.png\",\"width\":3098,\"height\":2860,\"caption\":\"AConnection Classificados\"},\"image\":{\"@id\":\"https:\\\/\\\/aconnection.com.br\\\/classificados\\\/#\\\/schema\\\/logo\\\/image\\\/\"},\"sameAs\":[\"https:\\\/\\\/x.com\\\/sticompanyy\",\"https:\\\/\\\/www.instagram.com\\\/sti.company\"]}]}<\/script>\n<!-- \/ Yoast SEO Premium plugin. -->","yoast_head_json":{"title":"Calculadora de Rescis\u00e3o Trabalhista Online Gr\u00e1tis","description":"Calcule sua rescis\u00e3o trabalhista online gratuitamente. Simule saldo sal\u00e1rio, f\u00e9rias, 13\u00ba, FGTS e multa de 40%","robots":{"index":"index","follow":"follow","max-snippet":"max-snippet:-1","max-image-preview":"max-image-preview:large","max-video-preview":"max-video-preview:-1"},"canonical":"https:\/\/aconnection.com.br\/classificados\/calculadora-de-rescisao\/","og_locale":"pt_BR","og_type":"article","og_title":"Calculadora de Rescis\u00e3o Trabalhista","og_description":"Calcule sua rescis\u00e3o trabalhista online gratuitamente. Simule saldo sal\u00e1rio, f\u00e9rias, 13\u00ba, FGTS e multa de 40%","og_url":"https:\/\/aconnection.com.br\/classificados\/calculadora-de-rescisao\/","og_site_name":"AConnection Classificados","article_modified_time":"2026-04-23T11:52:21+00:00","og_image":[{"width":1080,"height":1080,"url":"https:\/\/aconnection.com.br\/classificados\/wp-content\/uploads\/2025\/10\/direito-trabalhista-rescisao.jpg","type":"image\/jpeg"}],"twitter_card":"summary_large_image","twitter_site":"@sticompanyy","twitter_misc":{"Est. tempo de leitura":"1 minuto"},"schema":{"@context":"https:\/\/schema.org","@graph":[{"@type":"WebPage","@id":"https:\/\/aconnection.com.br\/classificados\/calculadora-de-rescisao\/","url":"https:\/\/aconnection.com.br\/classificados\/calculadora-de-rescisao\/","name":"Calculadora de Rescis\u00e3o Trabalhista Online Gr\u00e1tis","isPartOf":{"@id":"https:\/\/aconnection.com.br\/classificados\/#website"},"primaryImageOfPage":{"@id":"https:\/\/aconnection.com.br\/classificados\/calculadora-de-rescisao\/#primaryimage"},"image":{"@id":"https:\/\/aconnection.com.br\/classificados\/calculadora-de-rescisao\/#primaryimage"},"thumbnailUrl":"https:\/\/aconnection.com.br\/classificados\/wp-content\/uploads\/2025\/10\/direito-trabalhista-rescisao.jpg","datePublished":"2026-03-03T14:45:11+00:00","dateModified":"2026-04-23T11:52:21+00:00","description":"Calcule sua rescis\u00e3o trabalhista online gratuitamente. Simule saldo sal\u00e1rio, f\u00e9rias, 13\u00ba, FGTS e multa de 40%","breadcrumb":{"@id":"https:\/\/aconnection.com.br\/classificados\/calculadora-de-rescisao\/#breadcrumb"},"inLanguage":"pt-BR","potentialAction":[{"@type":"ReadAction","target":["https:\/\/aconnection.com.br\/classificados\/calculadora-de-rescisao\/"]}]},{"@type":"ImageObject","inLanguage":"pt-BR","@id":"https:\/\/aconnection.com.br\/classificados\/calculadora-de-rescisao\/#primaryimage","url":"https:\/\/aconnection.com.br\/classificados\/wp-content\/uploads\/2025\/10\/direito-trabalhista-rescisao.jpg","contentUrl":"https:\/\/aconnection.com.br\/classificados\/wp-content\/uploads\/2025\/10\/direito-trabalhista-rescisao.jpg","width":1080,"height":1080},{"@type":"BreadcrumbList","@id":"https:\/\/aconnection.com.br\/classificados\/calculadora-de-rescisao\/#breadcrumb","itemListElement":[{"@type":"ListItem","position":1,"name":"In\u00edcio","item":"https:\/\/aconnection.com.br\/classificados\/"},{"@type":"ListItem","position":2,"name":"Calculadora de Rescis\u00e3o Trabalhista"}]},{"@type":"WebSite","@id":"https:\/\/aconnection.com.br\/classificados\/#website","url":"https:\/\/aconnection.com.br\/classificados\/","name":"AConnection Classificados","description":"Conectando Clientes, Impulsinando o Seu Neg\u00f3cio","publisher":{"@id":"https:\/\/aconnection.com.br\/classificados\/#organization"},"potentialAction":[{"@type":"SearchAction","target":{"@type":"EntryPoint","urlTemplate":"https:\/\/aconnection.com.br\/classificados\/?s={search_term_string}"},"query-input":{"@type":"PropertyValueSpecification","valueRequired":true,"valueName":"search_term_string"}}],"inLanguage":"pt-BR"},{"@type":"Organization","@id":"https:\/\/aconnection.com.br\/classificados\/#organization","name":"AConnection Classificados","url":"https:\/\/aconnection.com.br\/classificados\/","logo":{"@type":"ImageObject","inLanguage":"pt-BR","@id":"https:\/\/aconnection.com.br\/classificados\/#\/schema\/logo\/image\/","url":"https:\/\/aconnection.com.br\/classificados\/wp-content\/uploads\/2021\/08\/Logomarca-AConnection-05.png","contentUrl":"https:\/\/aconnection.com.br\/classificados\/wp-content\/uploads\/2021\/08\/Logomarca-AConnection-05.png","width":3098,"height":2860,"caption":"AConnection Classificados"},"image":{"@id":"https:\/\/aconnection.com.br\/classificados\/#\/schema\/logo\/image\/"},"sameAs":["https:\/\/x.com\/sticompanyy","https:\/\/www.instagram.com\/sti.company"]}]}},"ticketed":false,"_links":{"self":[{"href":"https:\/\/aconnection.com.br\/classificados\/wp-json\/wp\/v2\/pages\/53710","targetHints":{"allow":["GET"]}}],"collection":[{"href":"https:\/\/aconnection.com.br\/classificados\/wp-json\/wp\/v2\/pages"}],"about":[{"href":"https:\/\/aconnection.com.br\/classificados\/wp-json\/wp\/v2\/types\/page"}],"author":[{"embeddable":true,"href":"https:\/\/aconnection.com.br\/classificados\/wp-json\/wp\/v2\/users\/1"}],"replies":[{"embeddable":true,"href":"https:\/\/aconnection.com.br\/classificados\/wp-json\/wp\/v2\/comments?post=53710"}],"version-history":[{"count":82,"href":"https:\/\/aconnection.com.br\/classificados\/wp-json\/wp\/v2\/pages\/53710\/revisions"}],"predecessor-version":[{"id":54285,"href":"https:\/\/aconnection.com.br\/classificados\/wp-json\/wp\/v2\/pages\/53710\/revisions\/54285"}],"wp:featuredmedia":[{"embeddable":true,"href":"https:\/\/aconnection.com.br\/classificados\/wp-json\/wp\/v2\/media\/52450"}],"wp:attachment":[{"href":"https:\/\/aconnection.com.br\/classificados\/wp-json\/wp\/v2\/media?parent=53710"}],"curies":[{"name":"wp","href":"https:\/\/api.w.org\/{rel}","templated":true}]}}