{"id":1829,"date":"2024-05-15T15:42:04","date_gmt":"2024-05-15T18:42:04","guid":{"rendered":"https:\/\/aconnection.com.br\/classificados\/?post_type=product&#038;p=1829"},"modified":"2026-01-29T09:09:24","modified_gmt":"2026-01-29T12:09:24","slug":"plano-basic-mensal","status":"publish","type":"product","link":"https:\/\/aconnection.com.br\/classificados\/product\/plano-basic-mensal\/","title":{"rendered":"Plano Basic (mensal)"},"content":{"rendered":"<ul>\n<li><strong>Campo de pesquisa AConnection<\/strong><\/li>\n<li><strong><span style=\"vertical-align: inherit;\">Nome da empresa<\/span><\/strong><\/li>\n<li><strong>Endere\u00e7o<\/strong><\/li>\n<li><strong>Categoria da empresa<\/strong><\/li>\n<li><strong><span style=\"vertical-align: inherit;\">Logo da empresa<\/span><\/strong><\/li>\n<li><strong>Site da empresa<\/strong><\/li>\n<li><strong><span style=\"vertical-align: inherit;\">Descri\u00e7\u00e3o introdut\u00f3ria<\/span><\/strong><\/li>\n<li><strong><span style=\"vertical-align: inherit;\">1 imagem de galeria<\/span><\/strong><\/li>\n<li><strong>Localiza\u00e7\u00e3o no mapa<\/strong><\/li>\n<li><strong>At\u00e9 2 contatos de telefones<\/strong><\/li>\n<li><strong>At\u00e9 1 contato de e-mail<\/strong><\/li>\n<li><strong>At\u00e9 1 link de redes social<\/strong><\/li>\n<li><strong>Banner Publicit\u00e1rio no rodap\u00e9 da p\u00e1gina principal (home)<\/strong><\/li>\n<li><strong>Banner Publicit\u00e1rio nos artigos e not\u00edcias (blog)<\/strong><\/li>\n<li><strong>Divulga\u00e7\u00e3o de Vaga e Emprego<\/strong><\/li>\n<\/ul>\n","protected":false},"excerpt":{"rendered":"<p><span style=\"vertical-align: inherit;\">Adequado para exposi\u00e7\u00e3o b\u00e1sica da empresa no site.<\/span><\/p>\n","protected":false},"featured_media":53416,"comment_status":"open","ping_status":"closed","template":"","meta":{"om_disable_all_campaigns":false,"_monsterinsights_skip_tracking":false,"_monsterinsights_sitenote_active":false,"_monsterinsights_sitenote_note":"","_monsterinsights_sitenote_category":0,"_uf_show_specific_survey":0,"_uf_disable_surveys":false,"_price":"60","_stock":null,"_tribe_ticket_header":"","_tribe_default_ticket_provider":"","_tribe_ticket_capacity":"0","_ticket_start_date":"","_ticket_end_date":"","_tribe_ticket_show_description":"","_tribe_ticket_show_not_going":false,"_tribe_ticket_use_global_stock":"","_tribe_ticket_global_stock_level":"","_global_stock_mode":"","_global_stock_cap":"","_tribe_rsvp_for_event":"","_tribe_ticket_going_count":"","_tribe_ticket_not_going_count":"","_tribe_tickets_list":"[]","_tribe_ticket_has_attendee_info_fields":false,"_EventAllDay":false,"_EventTimezone":"","_EventStartDate":"","_EventEndDate":"","_EventStartDateUTC":"","_EventEndDateUTC":"","_EventShowMap":false,"_EventShowMapLink":false,"_EventURL":"","_EventCost":"","_EventCostDescription":"","_EventCurrencySymbol":"","_EventCurrencyCode":"","_EventCurrencyPosition":"","_EventDateTimeSeparator":"","_EventTimeRangeSeparator":"","_EventOrganizerID":[],"_EventVenueID":[],"_OrganizerEmail":"","_OrganizerPhone":"","_OrganizerWebsite":"","_VenueAddress":"","_VenueCity":"","_VenueCountry":"","_VenueProvince":"","_VenueState":"","_VenueZip":"","_VenuePhone":"","_VenueURL":"","_VenueStateProvince":"","_VenueLat":"","_VenueLng":"","_VenueShowMap":false,"_VenueShowMapLink":false},"product_brand":[],"product_cat":[49],"product_tag":[],"class_list":{"0":"post-1829","1":"product","2":"type-product","3":"status-publish","4":"has-post-thumbnail","6":"product_cat-planos","8":"first","9":"instock","10":"featured","11":"virtual","12":"sold-individually","13":"taxable","14":"purchasable","15":"product-type-lt_package"},"yoast_head":"<!-- This site is optimized with the Yoast SEO Premium plugin v26.5 (Yoast SEO v27.4) - https:\/\/yoast.com\/product\/yoast-seo-premium-wordpress\/ -->\n<title>Plano Basic (mensal) - AConnection Classificados<\/title>\n<meta name=\"robots\" content=\"index, follow, max-snippet:-1, max-image-preview:large, max-video-preview:-1\" \/>\n<link rel=\"canonical\" href=\"https:\/\/aconnection.com.br\/classificados\/product\/plano-basic-mensal\/\" \/>\n<meta property=\"og:locale\" content=\"pt_BR\" \/>\n<meta property=\"og:type\" content=\"article\" \/>\n<meta property=\"og:title\" content=\"Plano Basic (mensal)\" \/>\n<meta property=\"og:description\" content=\"Adequado para exposi\u00e7\u00e3o b\u00e1sica da empresa no site.\" \/>\n<meta property=\"og:url\" content=\"https:\/\/aconnection.com.br\/classificados\/product\/plano-basic-mensal\/\" \/>\n<meta property=\"og:site_name\" content=\"AConnection Classificados\" \/>\n<meta property=\"article:modified_time\" content=\"2026-01-29T12:09:24+00:00\" \/>\n<meta property=\"og:image\" content=\"https:\/\/aconnection.com.br\/classificados\/wp-content\/uploads\/2024\/05\/planobasicmesal.jpg\" \/>\n\t<meta property=\"og:image:width\" content=\"1080\" \/>\n\t<meta property=\"og:image:height\" content=\"1350\" \/>\n\t<meta property=\"og:image:type\" content=\"image\/jpeg\" \/>\n<meta name=\"twitter:card\" content=\"summary_large_image\" \/>\n<meta name=\"twitter:site\" content=\"@sticompanyy\" \/>\n<meta name=\"twitter:label1\" content=\"Est. tempo de leitura\" \/>\n\t<meta name=\"twitter:data1\" content=\"1 minuto\" \/>\n<script type=\"application\/ld+json\" class=\"yoast-schema-graph\">{\"@context\":\"https:\\\/\\\/schema.org\",\"@graph\":[{\"@type\":\"WebPage\",\"@id\":\"https:\\\/\\\/aconnection.com.br\\\/classificados\\\/product\\\/plano-basic-mensal\\\/\",\"url\":\"https:\\\/\\\/aconnection.com.br\\\/classificados\\\/product\\\/plano-basic-mensal\\\/\",\"name\":\"Plano Basic (mensal) - AConnection Classificados\",\"isPartOf\":{\"@id\":\"https:\\\/\\\/aconnection.com.br\\\/classificados\\\/#website\"},\"primaryImageOfPage\":{\"@id\":\"https:\\\/\\\/aconnection.com.br\\\/classificados\\\/product\\\/plano-basic-mensal\\\/#primaryimage\"},\"image\":{\"@id\":\"https:\\\/\\\/aconnection.com.br\\\/classificados\\\/product\\\/plano-basic-mensal\\\/#primaryimage\"},\"thumbnailUrl\":\"https:\\\/\\\/aconnection.com.br\\\/classificados\\\/wp-content\\\/uploads\\\/2024\\\/05\\\/planobasicmesal.jpg\",\"datePublished\":\"2024-05-15T18:42:04+00:00\",\"dateModified\":\"2026-01-29T12:09:24+00:00\",\"breadcrumb\":{\"@id\":\"https:\\\/\\\/aconnection.com.br\\\/classificados\\\/product\\\/plano-basic-mensal\\\/#breadcrumb\"},\"inLanguage\":\"pt-BR\",\"potentialAction\":[{\"@type\":\"ReadAction\",\"target\":[\"https:\\\/\\\/aconnection.com.br\\\/classificados\\\/product\\\/plano-basic-mensal\\\/\"]}]},{\"@type\":\"ImageObject\",\"inLanguage\":\"pt-BR\",\"@id\":\"https:\\\/\\\/aconnection.com.br\\\/classificados\\\/product\\\/plano-basic-mensal\\\/#primaryimage\",\"url\":\"https:\\\/\\\/aconnection.com.br\\\/classificados\\\/wp-content\\\/uploads\\\/2024\\\/05\\\/planobasicmesal.jpg\",\"contentUrl\":\"https:\\\/\\\/aconnection.com.br\\\/classificados\\\/wp-content\\\/uploads\\\/2024\\\/05\\\/planobasicmesal.jpg\",\"width\":1080,\"height\":1350},{\"@type\":\"BreadcrumbList\",\"@id\":\"https:\\\/\\\/aconnection.com.br\\\/classificados\\\/product\\\/plano-basic-mensal\\\/#breadcrumb\",\"itemListElement\":[{\"@type\":\"ListItem\",\"position\":1,\"name\":\"In\u00edcio\",\"item\":\"https:\\\/\\\/aconnection.com.br\\\/classificados\\\/\"},{\"@type\":\"ListItem\",\"position\":2,\"name\":\"Shop\",\"item\":\"https:\\\/\\\/aconnection.com.br\\\/classificados\\\/?page_id=10\"},{\"@type\":\"ListItem\",\"position\":3,\"name\":\"Plano Basic (mensal)\"}]},{\"@type\":\"WebSite\",\"@id\":\"https:\\\/\\\/aconnection.com.br\\\/classificados\\\/#website\",\"url\":\"https:\\\/\\\/aconnection.com.br\\\/classificados\\\/\",\"name\":\"AConnection Classificados\",\"description\":\"Conectando Clientes, Impulsinando o Seu Neg\u00f3cio\",\"publisher\":{\"@id\":\"https:\\\/\\\/aconnection.com.br\\\/classificados\\\/#organization\"},\"potentialAction\":[{\"@type\":\"SearchAction\",\"target\":{\"@type\":\"EntryPoint\",\"urlTemplate\":\"https:\\\/\\\/aconnection.com.br\\\/classificados\\\/?s={search_term_string}\"},\"query-input\":{\"@type\":\"PropertyValueSpecification\",\"valueRequired\":true,\"valueName\":\"search_term_string\"}}],\"inLanguage\":\"pt-BR\"},{\"@type\":\"Organization\",\"@id\":\"https:\\\/\\\/aconnection.com.br\\\/classificados\\\/#organization\",\"name\":\"AConnection Classificados\",\"url\":\"https:\\\/\\\/aconnection.com.br\\\/classificados\\\/\",\"logo\":{\"@type\":\"ImageObject\",\"inLanguage\":\"pt-BR\",\"@id\":\"https:\\\/\\\/aconnection.com.br\\\/classificados\\\/#\\\/schema\\\/logo\\\/image\\\/\",\"url\":\"https:\\\/\\\/aconnection.com.br\\\/classificados\\\/wp-content\\\/uploads\\\/2021\\\/08\\\/Logomarca-AConnection-05.png\",\"contentUrl\":\"https:\\\/\\\/aconnection.com.br\\\/classificados\\\/wp-content\\\/uploads\\\/2021\\\/08\\\/Logomarca-AConnection-05.png\",\"width\":3098,\"height\":2860,\"caption\":\"AConnection Classificados\"},\"image\":{\"@id\":\"https:\\\/\\\/aconnection.com.br\\\/classificados\\\/#\\\/schema\\\/logo\\\/image\\\/\"},\"sameAs\":[\"https:\\\/\\\/x.com\\\/sticompanyy\",\"https:\\\/\\\/www.instagram.com\\\/sti.company\"]}]}<\/script>\n<!-- \/ Yoast SEO Premium plugin. -->","yoast_head_json":{"title":"Plano Basic (mensal) - AConnection Classificados","robots":{"index":"index","follow":"follow","max-snippet":"max-snippet:-1","max-image-preview":"max-image-preview:large","max-video-preview":"max-video-preview:-1"},"canonical":"https:\/\/aconnection.com.br\/classificados\/product\/plano-basic-mensal\/","og_locale":"pt_BR","og_type":"article","og_title":"Plano Basic (mensal)","og_description":"Adequado para exposi\u00e7\u00e3o b\u00e1sica da empresa no site.","og_url":"https:\/\/aconnection.com.br\/classificados\/product\/plano-basic-mensal\/","og_site_name":"AConnection Classificados","article_modified_time":"2026-01-29T12:09:24+00:00","og_image":[{"width":1080,"height":1350,"url":"https:\/\/aconnection.com.br\/classificados\/wp-content\/uploads\/2024\/05\/planobasicmesal.jpg","type":"image\/jpeg"}],"twitter_card":"summary_large_image","twitter_site":"@sticompanyy","twitter_misc":{"Est. tempo de leitura":"1 minuto"},"schema":{"@context":"https:\/\/schema.org","@graph":[{"@type":"WebPage","@id":"https:\/\/aconnection.com.br\/classificados\/product\/plano-basic-mensal\/","url":"https:\/\/aconnection.com.br\/classificados\/product\/plano-basic-mensal\/","name":"Plano Basic (mensal) - AConnection Classificados","isPartOf":{"@id":"https:\/\/aconnection.com.br\/classificados\/#website"},"primaryImageOfPage":{"@id":"https:\/\/aconnection.com.br\/classificados\/product\/plano-basic-mensal\/#primaryimage"},"image":{"@id":"https:\/\/aconnection.com.br\/classificados\/product\/plano-basic-mensal\/#primaryimage"},"thumbnailUrl":"https:\/\/aconnection.com.br\/classificados\/wp-content\/uploads\/2024\/05\/planobasicmesal.jpg","datePublished":"2024-05-15T18:42:04+00:00","dateModified":"2026-01-29T12:09:24+00:00","breadcrumb":{"@id":"https:\/\/aconnection.com.br\/classificados\/product\/plano-basic-mensal\/#breadcrumb"},"inLanguage":"pt-BR","potentialAction":[{"@type":"ReadAction","target":["https:\/\/aconnection.com.br\/classificados\/product\/plano-basic-mensal\/"]}]},{"@type":"ImageObject","inLanguage":"pt-BR","@id":"https:\/\/aconnection.com.br\/classificados\/product\/plano-basic-mensal\/#primaryimage","url":"https:\/\/aconnection.com.br\/classificados\/wp-content\/uploads\/2024\/05\/planobasicmesal.jpg","contentUrl":"https:\/\/aconnection.com.br\/classificados\/wp-content\/uploads\/2024\/05\/planobasicmesal.jpg","width":1080,"height":1350},{"@type":"BreadcrumbList","@id":"https:\/\/aconnection.com.br\/classificados\/product\/plano-basic-mensal\/#breadcrumb","itemListElement":[{"@type":"ListItem","position":1,"name":"In\u00edcio","item":"https:\/\/aconnection.com.br\/classificados\/"},{"@type":"ListItem","position":2,"name":"Shop","item":"https:\/\/aconnection.com.br\/classificados\/?page_id=10"},{"@type":"ListItem","position":3,"name":"Plano Basic (mensal)"}]},{"@type":"WebSite","@id":"https:\/\/aconnection.com.br\/classificados\/#website","url":"https:\/\/aconnection.com.br\/classificados\/","name":"AConnection Classificados","description":"Conectando Clientes, Impulsinando o Seu Neg\u00f3cio","publisher":{"@id":"https:\/\/aconnection.com.br\/classificados\/#organization"},"potentialAction":[{"@type":"SearchAction","target":{"@type":"EntryPoint","urlTemplate":"https:\/\/aconnection.com.br\/classificados\/?s={search_term_string}"},"query-input":{"@type":"PropertyValueSpecification","valueRequired":true,"valueName":"search_term_string"}}],"inLanguage":"pt-BR"},{"@type":"Organization","@id":"https:\/\/aconnection.com.br\/classificados\/#organization","name":"AConnection Classificados","url":"https:\/\/aconnection.com.br\/classificados\/","logo":{"@type":"ImageObject","inLanguage":"pt-BR","@id":"https:\/\/aconnection.com.br\/classificados\/#\/schema\/logo\/image\/","url":"https:\/\/aconnection.com.br\/classificados\/wp-content\/uploads\/2021\/08\/Logomarca-AConnection-05.png","contentUrl":"https:\/\/aconnection.com.br\/classificados\/wp-content\/uploads\/2021\/08\/Logomarca-AConnection-05.png","width":3098,"height":2860,"caption":"AConnection Classificados"},"image":{"@id":"https:\/\/aconnection.com.br\/classificados\/#\/schema\/logo\/image\/"},"sameAs":["https:\/\/x.com\/sticompanyy","https:\/\/www.instagram.com\/sti.company"]}]}},"_links":{"self":[{"href":"https:\/\/aconnection.com.br\/classificados\/wp-json\/wp\/v2\/product\/1829","targetHints":{"allow":["GET"]}}],"collection":[{"href":"https:\/\/aconnection.com.br\/classificados\/wp-json\/wp\/v2\/product"}],"about":[{"href":"https:\/\/aconnection.com.br\/classificados\/wp-json\/wp\/v2\/types\/product"}],"replies":[{"embeddable":true,"href":"https:\/\/aconnection.com.br\/classificados\/wp-json\/wp\/v2\/comments?post=1829"}],"wp:featuredmedia":[{"embeddable":true,"href":"https:\/\/aconnection.com.br\/classificados\/wp-json\/wp\/v2\/media\/53416"}],"wp:attachment":[{"href":"https:\/\/aconnection.com.br\/classificados\/wp-json\/wp\/v2\/media?parent=1829"}],"wp:term":[{"taxonomy":"product_brand","embeddable":true,"href":"https:\/\/aconnection.com.br\/classificados\/wp-json\/wp\/v2\/product_brand?post=1829"},{"taxonomy":"product_cat","embeddable":true,"href":"https:\/\/aconnection.com.br\/classificados\/wp-json\/wp\/v2\/product_cat?post=1829"},{"taxonomy":"product_tag","embeddable":true,"href":"https:\/\/aconnection.com.br\/classificados\/wp-json\/wp\/v2\/product_tag?post=1829"}],"curies":[{"name":"wp","href":"https:\/\/api.w.org\/{rel}","templated":true}]}}